{"id":996,"date":"2025-04-07T22:34:41","date_gmt":"2025-04-07T20:34:41","guid":{"rendered":"https:\/\/hornicerekev.casd.cz\/?page_id=996"},"modified":"2025-08-16T18:57:07","modified_gmt":"2025-08-16T16:57:07","slug":"sbor-2","status":"publish","type":"page","link":"https:\/\/hornicerekev.casd.cz\/?page_id=996","title":{"rendered":"Na\u0161e vyzn\u00e1n\u00ed"},"content":{"rendered":"\t\t<div data-elementor-type=\"wp-page\" data-elementor-id=\"996\" class=\"elementor elementor-996\">\n\t\t\t\t<div class=\"elementor-element elementor-element-f4901c9 e-flex e-con-boxed e-con e-parent\" data-id=\"f4901c9\" data-element_type=\"container\" data-e-type=\"container\">\n\t\t\t\t\t<div class=\"e-con-inner\">\n\t\t\t\t\t<\/div>\n\t\t\t\t<\/div>\n\t\t<div class=\"elementor-element elementor-element-96dea7c e-flex e-con-boxed e-con e-parent\" data-id=\"96dea7c\" data-element_type=\"container\" data-e-type=\"container\">\n\t\t\t\t\t<div class=\"e-con-inner\">\n\t\t\t\t<div class=\"elementor-element elementor-element-2a8a7e0 elementor-widget elementor-widget-heading\" data-id=\"2a8a7e0\" data-element_type=\"widget\" data-e-type=\"widget\" data-widget_type=\"heading.default\">\n\t\t\t\t<div class=\"elementor-widget-container\">\n\t\t\t\t\t<h2 class=\"elementor-heading-title elementor-size-default\">V\u00edra kter\u00e1 nestav\u00ed zdi, ale mosty<\/h2>\t\t\t\t<\/div>\n\t\t\t\t<\/div>\n\t\t\t\t\t<\/div>\n\t\t\t\t<\/div>\n\t\t<div class=\"elementor-element elementor-element-cd4e32b e-flex e-con-boxed e-con e-parent\" data-id=\"cd4e32b\" data-element_type=\"container\" data-e-type=\"container\">\n\t\t\t\t\t<div class=\"e-con-inner\">\n\t\t\t\t<div class=\"elementor-element elementor-element-20663f7 elementor-widget-divider--view-line elementor-widget elementor-widget-divider\" data-id=\"20663f7\" data-element_type=\"widget\" data-e-type=\"widget\" data-widget_type=\"divider.default\">\n\t\t\t\t<div class=\"elementor-widget-container\">\n\t\t\t\t\t\t\t<div class=\"elementor-divider\">\n\t\t\t<span class=\"elementor-divider-separator\">\n\t\t\t\t\t\t<\/span>\n\t\t<\/div>\n\t\t\t\t\t\t<\/div>\n\t\t\t\t<\/div>\n\t\t\t\t\t<\/div>\n\t\t\t\t<\/div>\n\t\t<div class=\"elementor-element elementor-element-1a44467 e-con-full e-flex e-con e-parent\" data-id=\"1a44467\" data-element_type=\"container\" data-e-type=\"container\">\n\t\t\t\t<div class=\"elementor-element elementor-element-ce0943b e-transform elementor-widget elementor-widget-text-editor\" data-id=\"ce0943b\" data-element_type=\"widget\" data-e-type=\"widget\" data-settings=\"{&quot;_transform_translateX_effect&quot;:{&quot;unit&quot;:&quot;px&quot;,&quot;size&quot;:0,&quot;sizes&quot;:[]},&quot;_transform_translateX_effect_tablet&quot;:{&quot;unit&quot;:&quot;px&quot;,&quot;size&quot;:&quot;&quot;,&quot;sizes&quot;:[]},&quot;_transform_translateX_effect_mobile&quot;:{&quot;unit&quot;:&quot;px&quot;,&quot;size&quot;:&quot;&quot;,&quot;sizes&quot;:[]},&quot;_transform_translateY_effect&quot;:{&quot;unit&quot;:&quot;px&quot;,&quot;size&quot;:&quot;&quot;,&quot;sizes&quot;:[]},&quot;_transform_translateY_effect_tablet&quot;:{&quot;unit&quot;:&quot;px&quot;,&quot;size&quot;:&quot;&quot;,&quot;sizes&quot;:[]},&quot;_transform_translateY_effect_mobile&quot;:{&quot;unit&quot;:&quot;px&quot;,&quot;size&quot;:&quot;&quot;,&quot;sizes&quot;:[]}}\" data-widget_type=\"text-editor.default\">\n\t\t\t\t<div class=\"elementor-widget-container\">\n\t\t\t\t\t\t\t\t\t<p><span style=\"color: #000000;\"><strong>\u201eV\u011b\u0159\u00edme, \u017ee i ve sv\u011bt\u011b pln\u00e9m chaosu a rychl\u00fdch zm\u011bn existuje nad\u011bje, kter\u00e1 nest\u00e1rne.\u00a0 \u00a0<\/strong><\/span><\/p><p><span style=\"color: #800000;\"><strong>V\u011b\u0159\u00edme v Bibli jako n\u00e1vod k \u017eivotu, kter\u00fd nestr\u00e1c\u00ed dech.<\/strong><\/span> V\u011b\u0159\u00edme v bibli jako neomyln\u00e9 Bo\u017e\u00ed slovo, kter\u00e9 je pro n\u00e1s kone\u010dnou autoritou. Nejsou to jen star\u00e9 p\u0159\u00edb\u011bhy, ale pr\u016fvodce pro dne\u0161ek. V jej\u00ed moudrosti hled\u00e1me odpov\u011bdi na ot\u00e1zky o smyslu, vztaz\u00edch i v\u011b\u010dnosti. Nenech\u00e1v\u00e1me ji v reg\u00e1lu \u2013 ka\u017ed\u00fd den se s n\u00ed sna\u017e\u00edme \u017e\u00edt a klademe velk\u00fd d\u016fraz na pe\u010dlivost a Bo\u017e\u00ed proz\u0159etelnost kter\u00e1 je pot\u0159ebn\u00e1 p\u0159i jej\u00edm v\u00fdkladu.<\/p><p><span style=\"color: #800000;\"><strong>Sobota? To je n\u00e1\u0161 t\u00fddenn\u00ed \u201edigit\u00e1ln\u00ed detox\u201c a restart.<\/strong>\u00a0<\/span>V sobotu vyp\u00edn\u00e1me nejen notifikace, ale i honbu za v\u00fdkonem. Je to den, kdy se zastav\u00edme, d\u00fdch\u00e1me hloub\u011bji, spojujeme se s bl\u00edzk\u00fdmi a s Bohem. Ne z povinnosti \u2013 z l\u00e1sky. V\u011b\u0159\u00edme v sobotu jako 4. p\u0159ik\u00e1z\u00e1n\u00ed mor\u00e1ln\u00edho, nem\u011bnn\u00e9ho Bo\u017e\u00edho z\u00e1kona. V\u011b\u0159\u00edme v sobotu jako pam\u00e1tku stvo\u0159en\u00ed. V\u011b\u0159\u00edme v sobotu stejn\u011b jako v n\u00ed v\u011b\u0159il Je\u017e\u00ed\u0161. V\u00edce kliknut\u00edm <a href=\"https:\/\/youtu.be\/0OZLKUZMldU?si=9ZYtsfwVj577DT8T\" target=\"_blank\" rel=\"noopener\"><strong>ZDE.<\/strong><\/a><\/p><p><span style=\"color: #800000;\"><strong>\u010cek\u00e1me na Druh\u00fd p\u0159\u00edchod Krista \u2013 ne s pasivitou, ale aktivn\u011b.<\/strong>\u00a0<\/span>Ano, v\u011b\u0159\u00edme, \u017ee sv\u011bt nen\u00ed odsouzen k z\u00e1niku. Kristus p\u0159ijde, aby obnovil v\u0161echno, co bylo zlomen\u00e9. Ale ne\u017e zazn\u00ed ta fin\u00e1ln\u00ed fanf\u00e1ra, chceme tady a te\u010f \u017e\u00edt tak, aby lid\u00e9 poznali, \u017ee zakusit Bo\u017e\u00ed kr\u00e1lovstv\u00ed je mo\u017en\u00e9 u\u017e dnes &#8211; v na\u0161ich osobn\u00edch \u017eivotech, man\u017eelstv\u00edch, rodin\u00e1ch i v c\u00edrkvi.<\/p><p><span style=\"color: #800000;\"><strong>Na\u0161e t\u011blo je chr\u00e1m \u2013 a star\u00e1me se o n\u011bj s respektem<\/strong>.<\/span> \u017d\u00e1dn\u00e9 extr\u00e9my, ale zdrav\u00fd rozum. J\u00edme v\u011bdom\u011b, h\u00fdbeme se, chr\u00e1n\u00edme mysl p\u0159ed toxick\u00fdm proudem. Pro\u010d? Proto\u017ee B\u016fh n\u00e1s stvo\u0159il jako celistv\u00e9 bytosti \u2013 pro radost, slu\u017ebu a plnohodnotn\u00fd \u017eivot. \u00a0<\/p><p>Nejsme dokonal\u00ed, ale <span style=\"color: #800000;\"><strong>jsme komunita, kter\u00e1 se neboj\u00ed ot\u00e1zek.<\/strong><\/span> Spolu studujeme Bibli, modl\u00edme se za sv\u011bt, podporujeme ty, kdo ztratili v\u00edru v Boha, lidi ale i sebe sama. A ano i mezi n\u00e1mi to n\u011bkdy jisk\u0159\u00ed, ale v\u017edycky se vrac\u00edme k tomu podstatn\u00e9mu. U\u010d\u00edme se \u017e\u00edt \u017eivoty sebezap\u0159en\u00ed po p\u0159\u00edkladu na\u0161eho Boha a P\u00e1na a n\u00e9st i n\u00e1\u0161 k\u0159\u00ed\u017e na ka\u017ed\u00fd den.<\/p><p><span style=\"color: #800000;\"><strong>V\u011b\u0159\u00edme v proroctv\u00ed<\/strong>,<\/span> kter\u00e1 nejsou hororov\u00fdm sc\u00e9n\u00e1\u0159em, ale mapou nad\u011bje. Uzn\u00e1v\u00e1me prorck\u00fd dar <em><strong><u><a href=\"https:\/\/maranathamedia.cz\/article\/view\/kdo-byla-ellen-gould-whiteova\" target=\"_blank\" rel=\"noopener\">Ellen Whiteov\u00e9,<\/a><\/u><\/strong><\/em> jako men\u0161\u00ed sv\u011btlo, kter\u00e9 vede k v\u011bt\u0161\u00edmu &#8211; Bibli.\u00a0 Jsme p\u0159esv\u011bd\u010den\u00ed o tom, \u017ee jej\u00ed poselstv\u00ed je v z\u00e1krytu s t\u00edm biblick\u00fdm. Na\u0161e pr\u016fkopnice, n\u00e1m p\u0159ipom\u00edn\u00e1: \u201eNebesk\u00fd l\u00e9k na pozemskou beznad\u011bj je v\u017edycky dostupn\u00fd.\u201c\u00a0 Ran\u00e9 spisy 1882<\/p><p>\u00a0<br \/><span style=\"color: #800000;\"><strong>Jsme realisti s nebeskou viz\u00ed.<\/strong> <\/span>Neut\u00edk\u00e1me p\u0159ed sv\u011btem, ale zapojujeme se do n\u011bj. Pokud hled\u00e1\u0161 v\u00edru, kter\u00e1 nestav\u00ed zdi, ale mosty\u2026 poj\u010f ji prozkoumat s n\u00e1mi. <img decoding=\"async\" class=\"emoji\" role=\"img\" draggable=\"false\" src=\"https:\/\/s.w.org\/images\/core\/emoji\/15.0.3\/svg\/26f5.svg\" alt=\"\u26f5\ufe0f\" \/>\u00a0\u00a0<\/p><p>*(P.S. Diskuze o v\u011b\u010dnosti? Ty jsou zdarma.)*&#8220;\u00a0 \u00a0<\/p>\t\t\t\t\t\t\t\t<\/div>\n\t\t\t\t<\/div>\n\t\t\t\t<\/div>\n\t\t<div class=\"elementor-element elementor-element-0492ac7 e-flex e-con-boxed e-con e-parent\" data-id=\"0492ac7\" data-element_type=\"container\" data-e-type=\"container\">\n\t\t\t\t\t<div class=\"e-con-inner\">\n\t\t\t\t<div class=\"elementor-element elementor-element-32838d7 elementor-widget elementor-widget-video\" data-id=\"32838d7\" data-element_type=\"widget\" data-e-type=\"widget\" data-settings=\"{&quot;youtube_url&quot;:&quot;https:\\\/\\\/youtu.be\\\/6KbXJ8OOODU&quot;,&quot;video_type&quot;:&quot;youtube&quot;,&quot;controls&quot;:&quot;yes&quot;}\" data-widget_type=\"video.default\">\n\t\t\t\t<div class=\"elementor-widget-container\">\n\t\t\t\t\t\t\t<div class=\"elementor-wrapper elementor-open-inline\">\n\t\t\t<div class=\"elementor-video\"><\/div>\t\t<\/div>\n\t\t\t\t\t\t<\/div>\n\t\t\t\t<\/div>\n\t\t\t\t\t<\/div>\n\t\t\t\t<\/div>\n\t\t<div class=\"elementor-element elementor-element-56f41d1 e-flex e-con-boxed e-con e-parent\" data-id=\"56f41d1\" data-element_type=\"container\" data-e-type=\"container\">\n\t\t\t\t\t<div class=\"e-con-inner\">\n\t\t\t\t\t<\/div>\n\t\t\t\t<\/div>\n\t\t\t\t<\/div>\n\t\t","protected":false},"excerpt":{"rendered":"<p>V\u00edra kter\u00e1 nestav\u00ed zdi, ale mosty \u201eV\u011b\u0159\u00edme, \u017ee i ve sv\u011bt\u011b pln\u00e9m chaosu a rychl\u00fdch zm\u011bn existuje nad\u011bje, kter\u00e1 nest\u00e1rne.\u00a0 \u00a0 V\u011b\u0159\u00edme v Bibli jako n\u00e1vod k \u017eivotu, kter\u00fd nestr\u00e1c\u00ed dech. V\u011b\u0159\u00edme v bibli jako neomyln\u00e9 Bo\u017e\u00ed slovo, kter\u00e9 je pro n\u00e1s kone\u010dnou autoritou. Nejsou to jen star\u00e9 p\u0159\u00edb\u011bhy, ale pr\u016fvodce pro dne\u0161ek. V jej\u00ed [&hellip;]<\/p>\n","protected":false},"author":1,"featured_media":0,"parent":0,"menu_order":0,"comment_status":"closed","ping_status":"closed","template":"","meta":{"inline_featured_image":false,"footnotes":""},"class_list":["post-996","page","type-page","status-publish","hentry"],"_links":{"self":[{"href":"https:\/\/hornicerekev.casd.cz\/index.php?rest_route=\/wp\/v2\/pages\/996","targetHints":{"allow":["GET"]}}],"collection":[{"href":"https:\/\/hornicerekev.casd.cz\/index.php?rest_route=\/wp\/v2\/pages"}],"about":[{"href":"https:\/\/hornicerekev.casd.cz\/index.php?rest_route=\/wp\/v2\/types\/page"}],"author":[{"embeddable":true,"href":"https:\/\/hornicerekev.casd.cz\/index.php?rest_route=\/wp\/v2\/users\/1"}],"replies":[{"embeddable":true,"href":"https:\/\/hornicerekev.casd.cz\/index.php?rest_route=%2Fwp%2Fv2%2Fcomments&post=996"}],"version-history":[{"count":5,"href":"https:\/\/hornicerekev.casd.cz\/index.php?rest_route=\/wp\/v2\/pages\/996\/revisions"}],"predecessor-version":[{"id":1653,"href":"https:\/\/hornicerekev.casd.cz\/index.php?rest_route=\/wp\/v2\/pages\/996\/revisions\/1653"}],"wp:attachment":[{"href":"https:\/\/hornicerekev.casd.cz\/index.php?rest_route=%2Fwp%2Fv2%2Fmedia&parent=996"}],"curies":[{"name":"wp","href":"https:\/\/api.w.org\/{rel}","templated":true}]}}