{"id":121,"date":"2014-10-29T09:10:29","date_gmt":"2014-10-29T08:10:29","guid":{"rendered":"http:\/\/hornicerekev.casd.cz\/?page_id=121"},"modified":"2025-09-13T18:47:05","modified_gmt":"2025-09-13T16:47:05","slug":"uvod","status":"publish","type":"page","link":"https:\/\/hornicerekev.casd.cz\/","title":{"rendered":"\u00a0\u00davod"},"content":{"rendered":"<h1 style=\"text-align: center;\">\u00a0<\/h1>\n<h1 style=\"text-align: center;\"><span style=\"color: #99ccff;\"><strong><span style=\"color: #333333;\">Kdo jsme?<\/span><\/strong><\/span><\/h1>\n<p style=\"text-align: center;\"><iframe src=\"\/\/www.youtube.com\/embed\/6KbXJ8OOODU\" width=\"425\" height=\"350\"><\/iframe><\/p>\n<p style=\"text-align: center;\"><i>Kdo chce j\u00edt za mnou, zap\u0159i s\u00e1m sebe, nes ka\u017ed\u00e9ho dne sv\u016fj k\u0159\u00ed\u017e a n\u00e1sleduj mne.<\/i><\/p>\n<p style=\"text-align: center;\">\u00a0 \u00a0 \u00a0 \u00a0 \u00a0 \u00a0 \u00a0 \u00a0 \u00a0 \u00a0 \u00a0 \u00a0 \u00a0 \u00a0 \u00a0 \u00a0 \u00a0 \u00a0 \u00a0 \u00a0 \u00a0 \u00a0 \u00a0 \u00a0 \u00a0 \u00a0 \u00a0 \u00a0 \u00a0 \u00a0 \u00a0 \u00a0 \u00a0 \u00a0 \u00a0 \u00a0 \u00a0 \u00a0 \u00a0 \u00a0 \u00a0 \u00a0 \u00a0Bible, Luk\u00e1\u0161 9,23<\/p>\n\n\n\n\n\n\n\n","protected":false},"excerpt":{"rendered":"<p>\u00a0 Kdo jsme? Kdo chce j\u00edt za mnou, zap\u0159i s\u00e1m sebe, nes ka\u017ed\u00e9ho dne sv\u016fj k\u0159\u00ed\u017e a n\u00e1sleduj mne. \u00a0 \u00a0 \u00a0 \u00a0 \u00a0 \u00a0 \u00a0 \u00a0 \u00a0 \u00a0 \u00a0 \u00a0 \u00a0 \u00a0 \u00a0 \u00a0 \u00a0 \u00a0 \u00a0 \u00a0 \u00a0 \u00a0 \u00a0 \u00a0 \u00a0 \u00a0 \u00a0 \u00a0 \u00a0 \u00a0 \u00a0 \u00a0 \u00a0 \u00a0 \u00a0 \u00a0 [&hellip;]<\/p>\n","protected":false},"author":1,"featured_media":0,"parent":0,"menu_order":0,"comment_status":"closed","ping_status":"open","template":"","meta":{"inline_featured_image":false,"footnotes":""},"class_list":["post-121","page","type-page","status-publish","hentry"],"_links":{"self":[{"href":"https:\/\/hornicerekev.casd.cz\/index.php?rest_route=\/wp\/v2\/pages\/121","targetHints":{"allow":["GET"]}}],"collection":[{"href":"https:\/\/hornicerekev.casd.cz\/index.php?rest_route=\/wp\/v2\/pages"}],"about":[{"href":"https:\/\/hornicerekev.casd.cz\/index.php?rest_route=\/wp\/v2\/types\/page"}],"author":[{"embeddable":true,"href":"https:\/\/hornicerekev.casd.cz\/index.php?rest_route=\/wp\/v2\/users\/1"}],"replies":[{"embeddable":true,"href":"https:\/\/hornicerekev.casd.cz\/index.php?rest_route=%2Fwp%2Fv2%2Fcomments&post=121"}],"version-history":[{"count":5,"href":"https:\/\/hornicerekev.casd.cz\/index.php?rest_route=\/wp\/v2\/pages\/121\/revisions"}],"predecessor-version":[{"id":1021,"href":"https:\/\/hornicerekev.casd.cz\/index.php?rest_route=\/wp\/v2\/pages\/121\/revisions\/1021"}],"wp:attachment":[{"href":"https:\/\/hornicerekev.casd.cz\/index.php?rest_route=%2Fwp%2Fv2%2Fmedia&parent=121"}],"curies":[{"name":"wp","href":"https:\/\/api.w.org\/{rel}","templated":true}]}}