{"id":1145,"date":"2025-04-08T21:17:18","date_gmt":"2025-04-08T19:17:18","guid":{"rendered":"https:\/\/hornicerekev.casd.cz\/?page_id=1145"},"modified":"2026-01-21T22:58:49","modified_gmt":"2026-01-21T21:58:49","slug":"elementor-996-2-2-2","status":"publish","type":"page","link":"https:\/\/hornicerekev.casd.cz\/?page_id=1145","title":{"rendered":"Ml\u00e1de\u017e HC"},"content":{"rendered":"\t\t<div data-elementor-type=\"wp-page\" data-elementor-id=\"1145\" class=\"elementor elementor-1145\">\n\t\t\t\t<div class=\"elementor-element elementor-element-61b5a074 e-flex e-con-boxed e-con e-parent\" data-id=\"61b5a074\" data-element_type=\"container\" data-e-type=\"container\">\n\t\t\t\t\t<div class=\"e-con-inner\">\n\t\t\t\t<div class=\"elementor-element elementor-element-69a8a8c8 elementor-widget elementor-widget-text-editor\" data-id=\"69a8a8c8\" data-element_type=\"widget\" data-e-type=\"widget\" data-widget_type=\"text-editor.default\">\n\t\t\t\t<div class=\"elementor-widget-container\">\n\t\t\t\t\t\t\t\t\t\n<p><\/p>\n\n\n\n\n\n\n\t\t\t\t\t\t\t\t<\/div>\n\t\t\t\t<\/div>\n\t\t\t\t\t<\/div>\n\t\t\t\t<\/div>\n\t\t<div class=\"elementor-element elementor-element-b284f07 e-flex e-con-boxed e-con e-parent\" data-id=\"b284f07\" data-element_type=\"container\" data-e-type=\"container\">\n\t\t\t\t\t<div class=\"e-con-inner\">\n\t\t\t\t<div class=\"elementor-element elementor-element-5351478 elementor-invisible elementor-widget elementor-widget-text-editor\" data-id=\"5351478\" data-element_type=\"widget\" data-e-type=\"widget\" data-settings=\"{&quot;_animation&quot;:&quot;fadeInUp&quot;}\" data-widget_type=\"text-editor.default\">\n\t\t\t\t<div class=\"elementor-widget-container\">\n\t\t\t\t\t\t\t\t\t<p>A\u0165 u\u017e jsi v\u011b\u0159\u00edc\u00ed nebo ne, jsi z bl\u00edzk\u00e9ho okol\u00ed nebo d\u00e1lky..\u00a0<strong><span style=\"color: #000000;\">jak\u00e9 m\u00e1\u0161 lidi kolem sebe?\u00a0<\/span><\/strong><\/p>\t\t\t\t\t\t\t\t<\/div>\n\t\t\t\t<\/div>\n\t\t\t\t\t<\/div>\n\t\t\t\t<\/div>\n\t\t<div class=\"elementor-element elementor-element-feed983 e-flex e-con-boxed e-con e-parent\" data-id=\"feed983\" data-element_type=\"container\" data-e-type=\"container\">\n\t\t\t\t\t<div class=\"e-con-inner\">\n\t\t\t\t<div class=\"elementor-element elementor-element-e3062a9 elementor-widget-divider--view-line elementor-invisible elementor-widget elementor-widget-divider\" data-id=\"e3062a9\" data-element_type=\"widget\" data-e-type=\"widget\" data-settings=\"{&quot;_animation&quot;:&quot;fadeInUp&quot;}\" data-widget_type=\"divider.default\">\n\t\t\t\t<div class=\"elementor-widget-container\">\n\t\t\t\t\t\t\t<div class=\"elementor-divider\">\n\t\t\t<span class=\"elementor-divider-separator\">\n\t\t\t\t\t\t<\/span>\n\t\t<\/div>\n\t\t\t\t\t\t<\/div>\n\t\t\t\t<\/div>\n\t\t\t\t\t<\/div>\n\t\t\t\t<\/div>\n\t\t<div class=\"elementor-element elementor-element-64c6906 e-flex e-con-boxed e-con e-parent\" data-id=\"64c6906\" data-element_type=\"container\" data-e-type=\"container\">\n\t\t\t\t\t<div class=\"e-con-inner\">\n\t\t\t\t<div class=\"elementor-element elementor-element-f530b76 elementor-widget elementor-widget-text-editor\" data-id=\"f530b76\" data-element_type=\"widget\" data-e-type=\"widget\" data-widget_type=\"text-editor.default\">\n\t\t\t\t<div class=\"elementor-widget-container\">\n\t\t\t\t\t\t\t\t\t<p class=\"-wm-p1\"><span style=\"color: #000000;\"><span class=\"-wm-s1\">Kdyby n\u00e1s m\u011blo definovat p\u011bt slov, zvolil bych asi tahle:<\/span><strong><span class=\"-wm-s2\">\u00a0Spole\u010dnost, humor, hudba, j\u00eddlo a v\u00edra.<\/span><\/strong><\/span><\/p>\n<p class=\"-wm-p1\"><span style=\"color: #000000;\"><strong><span class=\"-wm-s2\">Jak v\u011bci vn\u00edmat v dob\u011b, kdy je ka\u017ed\u00fd chce vn\u00edmat jak s\u00e1m chce?\u00a0<\/span><\/strong><\/span><\/p>\n<p class=\"-wm-p1\"><span style=\"color: #000000;\"><span class=\"-wm-s1\">Spole\u010dn\u011b se sd\u00edl\u00edme a p\u0159em\u00fd\u0161l\u00edme nad zaj\u00edmav\u00fdmi t\u00e9maty \u017eivota. Otv\u00edr\u00e1me str\u00e1nky star\u00e9, ale pro n\u00e1s\u00a0<\/span><strong><span class=\"-wm-s2\">st\u00e1le relevantn\u00ed bible.\u00a0<\/span><\/strong><\/span><\/p>\n<p class=\"-wm-p1\"><span style=\"color: #000000;\"><span class=\"-wm-s1\">T\u00e9m\u011b\u0159 ka\u017ed\u00fd sobotn\u00ed ve\u010der se v 18:00 sch\u00e1z\u00edme na n\u00ed\u017ee uveden\u00e9 adrese.<\/span><span class=\"-wm-s2\"><strong>\u00a0Jsme otev\u0159en\u00e1 komunita<\/strong>\u00a0<\/span><span class=\"-wm-s1\">a jestli \u010dte\u0161 tyto \u0159\u00e1dky a\u017e sem,\u00a0<\/span><strong><span class=\"-wm-s2\">r\u00e1di t\u011b mezi sebou uvid\u00edme !!!<\/span><\/strong><\/span><\/p>\t\t\t\t\t\t\t\t<\/div>\n\t\t\t\t<\/div>\n\t\t\t\t\t<\/div>\n\t\t\t\t<\/div>\n\t\t<div class=\"elementor-element elementor-element-1b5bff9 e-flex e-con-boxed e-con e-parent\" data-id=\"1b5bff9\" data-element_type=\"container\" data-e-type=\"container\">\n\t\t\t\t\t<div class=\"e-con-inner\">\n\t\t\t\t<div class=\"elementor-element elementor-element-91ab352 elementor-invisible elementor-widget elementor-widget-video\" data-id=\"91ab352\" data-element_type=\"widget\" data-e-type=\"widget\" data-settings=\"{&quot;video_type&quot;:&quot;hosted&quot;,&quot;autoplay&quot;:&quot;yes&quot;,&quot;_animation&quot;:&quot;fadeInUp&quot;,&quot;controls&quot;:&quot;yes&quot;}\" data-widget_type=\"video.default\">\n\t\t\t\t<div class=\"elementor-widget-container\">\n\t\t\t\t\t\t\t<div class=\"e-hosted-video elementor-wrapper elementor-open-inline\">\n\t\t\t\t\t<video class=\"elementor-video\" src=\"https:\/\/hornicerekev.casd.cz\/wp-content\/uploads\/dji_fly_20250308_174826_0292_1742058645449_video.mov\" autoplay=\"\" controls=\"\" controlsList=\"nodownload\"><\/video>\n\t\t\t\t<\/div>\n\t\t\t\t\t\t<\/div>\n\t\t\t\t<\/div>\n\t\t\t\t\t<\/div>\n\t\t\t\t<\/div>\n\t\t<div class=\"elementor-element elementor-element-e402e28 e-flex e-con-boxed e-con e-parent\" data-id=\"e402e28\" data-element_type=\"container\" data-e-type=\"container\">\n\t\t\t\t\t<div class=\"e-con-inner\">\n\t\t\t\t\t<\/div>\n\t\t\t\t<\/div>\n\t\t<div class=\"elementor-element elementor-element-d8f562a e-flex e-con-boxed e-con e-parent\" data-id=\"d8f562a\" data-element_type=\"container\" data-e-type=\"container\">\n\t\t\t\t\t<div class=\"e-con-inner\">\n\t\t\t\t<div class=\"elementor-element elementor-element-ca02986 elementor-widget elementor-widget-google_maps\" data-id=\"ca02986\" data-element_type=\"widget\" data-e-type=\"widget\" data-widget_type=\"google_maps.default\">\n\t\t\t\t<div class=\"elementor-widget-container\">\n\t\t\t\t\t\t\t<div class=\"elementor-custom-embed\">\n\t\t\t<iframe loading=\"lazy\"\n\t\t\t\t\tsrc=\"https:\/\/maps.google.com\/maps?q=Horn%C3%AD%20Cerekev%20%2039403%2C%20smetanova%20384&#038;t=m&#038;z=10&#038;output=embed&#038;iwloc=near\"\n\t\t\t\t\ttitle=\"Horn\u00ed Cerekev  39403, smetanova 384\"\n\t\t\t\t\taria-label=\"Horn\u00ed Cerekev  39403, smetanova 384\"\n\t\t\t><\/iframe>\n\t\t<\/div>\n\t\t\t\t\t\t<\/div>\n\t\t\t\t<\/div>\n\t\t\t\t\t<\/div>\n\t\t\t\t<\/div>\n\t\t<div class=\"elementor-element elementor-element-d1e8bca e-flex e-con-boxed e-con e-parent\" data-id=\"d1e8bca\" data-element_type=\"container\" data-e-type=\"container\">\n\t\t\t\t\t<div class=\"e-con-inner\">\n\t\t\t\t<div class=\"elementor-element elementor-element-5d3552b elementor-widget elementor-widget-button\" data-id=\"5d3552b\" data-element_type=\"widget\" data-e-type=\"widget\" data-widget_type=\"button.default\">\n\t\t\t\t<div class=\"elementor-widget-container\">\n\t\t\t\t\t\t\t\t\t<div class=\"elementor-button-wrapper\">\n\t\t\t\t\t<a class=\"elementor-button elementor-button-link elementor-size-sm\" href=\"https:\/\/eu.zonerama.com\/MladezHC\/1472903\" target=\"_blank\" rel=\"noopener\">\n\t\t\t\t\t\t<span class=\"elementor-button-content-wrapper\">\n\t\t\t\t\t\t\t\t\t<span class=\"elementor-button-text\">Ml\u00e1de\u017enick\u00e1 online galerie<\/span>\n\t\t\t\t\t<\/span>\n\t\t\t\t\t<\/a>\n\t\t\t\t<\/div>\n\t\t\t\t\t\t\t\t<\/div>\n\t\t\t\t<\/div>\n\t\t\t\t\t<\/div>\n\t\t\t\t<\/div>\n\t\t<div class=\"elementor-element elementor-element-4cbd280 e-flex e-con-boxed e-con e-parent\" data-id=\"4cbd280\" data-element_type=\"container\" data-e-type=\"container\">\n\t\t\t\t\t<div class=\"e-con-inner\">\n\t\t\t\t<div class=\"elementor-element elementor-element-c2d9177 elementor-shape-rounded elementor-grid-0 e-grid-align-center elementor-widget elementor-widget-social-icons\" data-id=\"c2d9177\" data-element_type=\"widget\" data-e-type=\"widget\" data-widget_type=\"social-icons.default\">\n\t\t\t\t<div class=\"elementor-widget-container\">\n\t\t\t\t\t\t\t<div class=\"elementor-social-icons-wrapper elementor-grid\" role=\"list\">\n\t\t\t\t\t\t\t<span class=\"elementor-grid-item\" role=\"listitem\">\n\t\t\t\t\t<a class=\"elementor-icon elementor-social-icon elementor-social-icon-instagram elementor-repeater-item-91b7095\" href=\"https:\/\/www.instagram.com\/mladez_hc?igsh=MTJ0OW5mZXpiNGRkcA==\" target=\"_blank\" rel=\"noopener\">\n\t\t\t\t\t\t<span class=\"elementor-screen-only\">Instagram<\/span>\n\t\t\t\t\t\t<svg aria-hidden=\"true\" class=\"e-font-icon-svg e-fab-instagram\" viewBox=\"0 0 448 512\" xmlns=\"http:\/\/www.w3.org\/2000\/svg\"><path d=\"M224.1 141c-63.6 0-114.9 51.3-114.9 114.9s51.3 114.9 114.9 114.9S339 319.5 339 255.9 287.7 141 224.1 141zm0 189.6c-41.1 0-74.7-33.5-74.7-74.7s33.5-74.7 74.7-74.7 74.7 33.5 74.7 74.7-33.6 74.7-74.7 74.7zm146.4-194.3c0 14.9-12 26.8-26.8 26.8-14.9 0-26.8-12-26.8-26.8s12-26.8 26.8-26.8 26.8 12 26.8 26.8zm76.1 27.2c-1.7-35.9-9.9-67.7-36.2-93.9-26.2-26.2-58-34.4-93.9-36.2-37-2.1-147.9-2.1-184.9 0-35.8 1.7-67.6 9.9-93.9 36.1s-34.4 58-36.2 93.9c-2.1 37-2.1 147.9 0 184.9 1.7 35.9 9.9 67.7 36.2 93.9s58 34.4 93.9 36.2c37 2.1 147.9 2.1 184.9 0 35.9-1.7 67.7-9.9 93.9-36.2 26.2-26.2 34.4-58 36.2-93.9 2.1-37 2.1-147.8 0-184.8zM398.8 388c-7.8 19.6-22.9 34.7-42.6 42.6-29.5 11.7-99.5 9-132.1 9s-102.7 2.6-132.1-9c-19.6-7.8-34.7-22.9-42.6-42.6-11.7-29.5-9-99.5-9-132.1s-2.6-102.7 9-132.1c7.8-19.6 22.9-34.7 42.6-42.6 29.5-11.7 99.5-9 132.1-9s102.7-2.6 132.1 9c19.6 7.8 34.7 22.9 42.6 42.6 11.7 29.5 9 99.5 9 132.1s2.7 102.7-9 132.1z\"><\/path><\/svg>\t\t\t\t\t<\/a>\n\t\t\t\t<\/span>\n\t\t\t\t\t\t\t<span class=\"elementor-grid-item\" role=\"listitem\">\n\t\t\t\t\t<a class=\"elementor-icon elementor-social-icon elementor-social-icon-whatsapp elementor-repeater-item-01e800a\" href=\"https:\/\/chat.whatsapp.com\/GQme2S1CKn87AddghW5tIz\" target=\"_blank\" rel=\"noopener\">\n\t\t\t\t\t\t<span class=\"elementor-screen-only\">Whatsapp<\/span>\n\t\t\t\t\t\t<svg aria-hidden=\"true\" class=\"e-font-icon-svg e-fab-whatsapp\" viewBox=\"0 0 448 512\" xmlns=\"http:\/\/www.w3.org\/2000\/svg\"><path d=\"M380.9 97.1C339 55.1 283.2 32 223.9 32c-122.4 0-222 99.6-222 222 0 39.1 10.2 77.3 29.6 111L0 480l117.7-30.9c32.4 17.7 68.9 27 106.1 27h.1c122.3 0 224.1-99.6 224.1-222 0-59.3-25.2-115-67.1-157zm-157 341.6c-33.2 0-65.7-8.9-94-25.7l-6.7-4-69.8 18.3L72 359.2l-4.4-7c-18.5-29.4-28.2-63.3-28.2-98.2 0-101.7 82.8-184.5 184.6-184.5 49.3 0 95.6 19.2 130.4 54.1 34.8 34.9 56.2 81.2 56.1 130.5 0 101.8-84.9 184.6-186.6 184.6zm101.2-138.2c-5.5-2.8-32.8-16.2-37.9-18-5.1-1.9-8.8-2.8-12.5 2.8-3.7 5.6-14.3 18-17.6 21.8-3.2 3.7-6.5 4.2-12 1.4-32.6-16.3-54-29.1-75.5-66-5.7-9.8 5.7-9.1 16.3-30.3 1.8-3.7.9-6.9-.5-9.7-1.4-2.8-12.5-30.1-17.1-41.2-4.5-10.8-9.1-9.3-12.5-9.5-3.2-.2-6.9-.2-10.6-.2-3.7 0-9.7 1.4-14.8 6.9-5.1 5.6-19.4 19-19.4 46.3 0 27.3 19.9 53.7 22.6 57.4 2.8 3.7 39.1 59.7 94.8 83.8 35.2 15.2 49 16.5 66.6 13.9 10.7-1.6 32.8-13.4 37.4-26.4 4.6-13 4.6-24.1 3.2-26.4-1.3-2.5-5-3.9-10.5-6.6z\"><\/path><\/svg>\t\t\t\t\t<\/a>\n\t\t\t\t<\/span>\n\t\t\t\t\t<\/div>\n\t\t\t\t\t\t<\/div>\n\t\t\t\t<\/div>\n\t\t\t\t\t<\/div>\n\t\t\t\t<\/div>\n\t\t<div class=\"elementor-element elementor-element-599f46f e-grid e-con-boxed e-con e-parent\" data-id=\"599f46f\" data-element_type=\"container\" data-e-type=\"container\">\n\t\t\t\t\t<div class=\"e-con-inner\">\n\t\t\t\t<div class=\"elementor-element elementor-element-0df12d7 elementor-widget elementor-widget-image\" data-id=\"0df12d7\" data-element_type=\"widget\" data-e-type=\"widget\" data-widget_type=\"image.default\">\n\t\t\t\t<div class=\"elementor-widget-container\">\n\t\t\t\t\t\t\t\t\t\t\t\t\t\t\t<img fetchpriority=\"high\" decoding=\"async\" width=\"1024\" height=\"698\" src=\"https:\/\/hornicerekev.casd.cz\/wp-content\/uploads\/IMG_0730-1024x698.jpg\" class=\"attachment-large size-large wp-image-1252\" alt=\"\" srcset=\"https:\/\/hornicerekev.casd.cz\/wp-content\/uploads\/IMG_0730-1024x698.jpg 1024w, https:\/\/hornicerekev.casd.cz\/wp-content\/uploads\/IMG_0730-300x204.jpg 300w, https:\/\/hornicerekev.casd.cz\/wp-content\/uploads\/IMG_0730-768x523.jpg 768w, https:\/\/hornicerekev.casd.cz\/wp-content\/uploads\/IMG_0730-1536x1047.jpg 1536w, https:\/\/hornicerekev.casd.cz\/wp-content\/uploads\/IMG_0730-2048x1396.jpg 2048w\" sizes=\"(max-width: 1024px) 100vw, 1024px\" \/>\t\t\t\t\t\t\t\t\t\t\t\t\t\t\t<\/div>\n\t\t\t\t<\/div>\n\t\t\t\t<div class=\"elementor-element elementor-element-b0be1bd elementor-widget elementor-widget-image\" data-id=\"b0be1bd\" data-element_type=\"widget\" data-e-type=\"widget\" data-widget_type=\"image.default\">\n\t\t\t\t<div class=\"elementor-widget-container\">\n\t\t\t\t\t\t\t\t\t\t\t\t\t\t\t<img decoding=\"async\" width=\"1024\" height=\"763\" src=\"https:\/\/hornicerekev.casd.cz\/wp-content\/uploads\/IMG_1531-1024x763.jpg\" class=\"attachment-large size-large wp-image-1250\" alt=\"\" srcset=\"https:\/\/hornicerekev.casd.cz\/wp-content\/uploads\/IMG_1531-1024x763.jpg 1024w, https:\/\/hornicerekev.casd.cz\/wp-content\/uploads\/IMG_1531-300x223.jpg 300w, https:\/\/hornicerekev.casd.cz\/wp-content\/uploads\/IMG_1531-768x572.jpg 768w, https:\/\/hornicerekev.casd.cz\/wp-content\/uploads\/IMG_1531-1536x1144.jpg 1536w, https:\/\/hornicerekev.casd.cz\/wp-content\/uploads\/IMG_1531-2048x1525.jpg 2048w\" sizes=\"(max-width: 1024px) 100vw, 1024px\" \/>\t\t\t\t\t\t\t\t\t\t\t\t\t\t\t<\/div>\n\t\t\t\t<\/div>\n\t\t\t\t<div class=\"elementor-element elementor-element-eacd8f7 elementor-widget elementor-widget-image\" data-id=\"eacd8f7\" data-element_type=\"widget\" data-e-type=\"widget\" data-widget_type=\"image.default\">\n\t\t\t\t<div class=\"elementor-widget-container\">\n\t\t\t\t\t\t\t\t\t\t\t\t\t\t\t<img decoding=\"async\" width=\"1024\" height=\"768\" src=\"https:\/\/hornicerekev.casd.cz\/wp-content\/uploads\/IMG_0718-1024x768.jpg\" class=\"attachment-large size-large wp-image-1249\" alt=\"\" srcset=\"https:\/\/hornicerekev.casd.cz\/wp-content\/uploads\/IMG_0718-1024x768.jpg 1024w, https:\/\/hornicerekev.casd.cz\/wp-content\/uploads\/IMG_0718-300x225.jpg 300w, https:\/\/hornicerekev.casd.cz\/wp-content\/uploads\/IMG_0718-768x576.jpg 768w, https:\/\/hornicerekev.casd.cz\/wp-content\/uploads\/IMG_0718-1536x1152.jpg 1536w, https:\/\/hornicerekev.casd.cz\/wp-content\/uploads\/IMG_0718-2048x1536.jpg 2048w\" sizes=\"(max-width: 1024px) 100vw, 1024px\" \/>\t\t\t\t\t\t\t\t\t\t\t\t\t\t\t<\/div>\n\t\t\t\t<\/div>\n\t\t\t\t<div class=\"elementor-element elementor-element-a4fa2da elementor-widget elementor-widget-image\" data-id=\"a4fa2da\" data-element_type=\"widget\" data-e-type=\"widget\" data-widget_type=\"image.default\">\n\t\t\t\t<div class=\"elementor-widget-container\">\n\t\t\t\t\t\t\t\t\t\t\t\t\t\t\t<img loading=\"lazy\" decoding=\"async\" width=\"768\" height=\"1024\" src=\"https:\/\/hornicerekev.casd.cz\/wp-content\/uploads\/9bf38db8-af36-433a-bd4a-5788299d09c3-768x1024.jpg\" class=\"attachment-large size-large wp-image-1251\" alt=\"\" srcset=\"https:\/\/hornicerekev.casd.cz\/wp-content\/uploads\/9bf38db8-af36-433a-bd4a-5788299d09c3-768x1023.jpg 768w, https:\/\/hornicerekev.casd.cz\/wp-content\/uploads\/9bf38db8-af36-433a-bd4a-5788299d09c3-225x300.jpg 225w, https:\/\/hornicerekev.casd.cz\/wp-content\/uploads\/9bf38db8-af36-433a-bd4a-5788299d09c3-1153x1536.jpg 1153w, https:\/\/hornicerekev.casd.cz\/wp-content\/uploads\/9bf38db8-af36-433a-bd4a-5788299d09c3.jpg 1200w\" sizes=\"(max-width: 768px) 100vw, 768px\" \/>\t\t\t\t\t\t\t\t\t\t\t\t\t\t\t<\/div>\n\t\t\t\t<\/div>\n\t\t\t\t<div class=\"elementor-element elementor-element-eacf58f elementor-widget elementor-widget-image\" data-id=\"eacf58f\" data-element_type=\"widget\" data-e-type=\"widget\" data-widget_type=\"image.default\">\n\t\t\t\t<div class=\"elementor-widget-container\">\n\t\t\t\t\t\t\t\t\t\t\t\t\t\t\t<img loading=\"lazy\" decoding=\"async\" width=\"1024\" height=\"774\" src=\"https:\/\/hornicerekev.casd.cz\/wp-content\/uploads\/IMG_1674-1024x774.jpg\" class=\"attachment-large size-large wp-image-1357\" alt=\"\" srcset=\"https:\/\/hornicerekev.casd.cz\/wp-content\/uploads\/IMG_1674-1024x774.jpg 1024w, https:\/\/hornicerekev.casd.cz\/wp-content\/uploads\/IMG_1674-300x227.jpg 300w, https:\/\/hornicerekev.casd.cz\/wp-content\/uploads\/IMG_1674-768x581.jpg 768w, https:\/\/hornicerekev.casd.cz\/wp-content\/uploads\/IMG_1674-1536x1161.jpg 1536w, https:\/\/hornicerekev.casd.cz\/wp-content\/uploads\/IMG_1674.jpg 1706w\" sizes=\"(max-width: 1024px) 100vw, 1024px\" \/>\t\t\t\t\t\t\t\t\t\t\t\t\t\t\t<\/div>\n\t\t\t\t<\/div>\n\t\t\t\t\t<\/div>\n\t\t\t\t<\/div>\n\t\t\t\t<\/div>\n\t\t","protected":false},"excerpt":{"rendered":"<p>A\u0165 u\u017e jsi v\u011b\u0159\u00edc\u00ed nebo ne, jsi z bl\u00edzk\u00e9ho okol\u00ed nebo d\u00e1lky..\u00a0jak\u00e9 m\u00e1\u0161 lidi kolem sebe?\u00a0 Kdyby n\u00e1s m\u011blo definovat p\u011bt slov, zvolil bych asi tahle:\u00a0Spole\u010dnost, humor, hudba, j\u00eddlo a v\u00edra. Jak v\u011bci vn\u00edmat v dob\u011b, kdy je ka\u017ed\u00fd chce vn\u00edmat jak s\u00e1m chce?\u00a0 Spole\u010dn\u011b se sd\u00edl\u00edme a p\u0159em\u00fd\u0161l\u00edme nad zaj\u00edmav\u00fdmi t\u00e9maty \u017eivota. Otv\u00edr\u00e1me str\u00e1nky [&hellip;]<\/p>\n","protected":false},"author":1,"featured_media":0,"parent":0,"menu_order":0,"comment_status":"closed","ping_status":"closed","template":"","meta":{"inline_featured_image":false,"footnotes":""},"class_list":["post-1145","page","type-page","status-publish","hentry"],"_links":{"self":[{"href":"https:\/\/hornicerekev.casd.cz\/index.php?rest_route=\/wp\/v2\/pages\/1145","targetHints":{"allow":["GET"]}}],"collection":[{"href":"https:\/\/hornicerekev.casd.cz\/index.php?rest_route=\/wp\/v2\/pages"}],"about":[{"href":"https:\/\/hornicerekev.casd.cz\/index.php?rest_route=\/wp\/v2\/types\/page"}],"author":[{"embeddable":true,"href":"https:\/\/hornicerekev.casd.cz\/index.php?rest_route=\/wp\/v2\/users\/1"}],"replies":[{"embeddable":true,"href":"https:\/\/hornicerekev.casd.cz\/index.php?rest_route=%2Fwp%2Fv2%2Fcomments&post=1145"}],"version-history":[{"count":5,"href":"https:\/\/hornicerekev.casd.cz\/index.php?rest_route=\/wp\/v2\/pages\/1145\/revisions"}],"predecessor-version":[{"id":1715,"href":"https:\/\/hornicerekev.casd.cz\/index.php?rest_route=\/wp\/v2\/pages\/1145\/revisions\/1715"}],"wp:attachment":[{"href":"https:\/\/hornicerekev.casd.cz\/index.php?rest_route=%2Fwp%2Fv2%2Fmedia&parent=1145"}],"curies":[{"name":"wp","href":"https:\/\/api.w.org\/{rel}","templated":true}]}}